{"id":297,"date":"2020-03-29T21:34:32","date_gmt":"2020-03-29T21:34:32","guid":{"rendered":"http:\/\/juergenschwalk.com\/?page_id=297"},"modified":"2020-12-27T08:35:11","modified_gmt":"2020-12-27T08:35:11","slug":"duo-alexandre-tansman","status":"publish","type":"page","link":"https:\/\/juergenschwalk.com\/de\/duo-alexandre-tansman\/","title":{"rendered":"Duo Alexandre Tansman"},"content":{"rendered":"\t\t<div data-elementor-type=\"wp-page\" data-elementor-id=\"297\" class=\"elementor elementor-297\">\n\t\t\t\t\t\t\t\t\t<section class=\"elementor-section elementor-top-section elementor-element elementor-element-6577862a elementor-section-height-min-height hero elementor-section-boxed elementor-section-height-default elementor-section-items-middle\" data-id=\"6577862a\" data-element_type=\"section\" data-settings=\"{&quot;background_background&quot;:&quot;classic&quot;,&quot;background_motion_fx_motion_fx_scrolling&quot;:&quot;yes&quot;,&quot;background_motion_fx_translateY_effect&quot;:&quot;yes&quot;,&quot;background_motion_fx_translateY_speed&quot;:{&quot;unit&quot;:&quot;px&quot;,&quot;size&quot;:6,&quot;sizes&quot;:[]},&quot;background_motion_fx_translateY_affectedRange&quot;:{&quot;unit&quot;:&quot;%&quot;,&quot;size&quot;:&quot;&quot;,&quot;sizes&quot;:{&quot;start&quot;:0,&quot;end&quot;:100}},&quot;background_motion_fx_devices&quot;:[&quot;desktop&quot;,&quot;tablet&quot;,&quot;mobile&quot;]}\">\n\t\t\t\t\t\t\t<div class=\"elementor-background-overlay\"><\/div>\n\t\t\t\t\t\t\t<div class=\"elementor-container elementor-column-gap-default\">\n\t\t\t\t\t<div class=\"elementor-column elementor-col-100 elementor-top-column elementor-element elementor-element-3c8d3d78 hero-content\" data-id=\"3c8d3d78\" data-element_type=\"column\">\n\t\t\t<div class=\"elementor-widget-wrap elementor-element-populated\">\n\t\t\t\t\t\t\t\t<div class=\"elementor-element elementor-element-5cc6c36e elementor-widget__width-auto hero--has-headline elementor-invisible elementor-widget elementor-widget-heading\" data-id=\"5cc6c36e\" data-element_type=\"widget\" data-settings=\"{&quot;_animation&quot;:&quot;fadeInLeft&quot;,&quot;_animation_delay&quot;:15}\" data-widget_type=\"heading.default\">\n\t\t\t\t<div class=\"elementor-widget-container\">\n\t\t\t<style>\/*! elementor - v3.6.5 - 27-04-2022 *\/\n.elementor-heading-title{padding:0;margin:0;line-height:1}.elementor-widget-heading .elementor-heading-title[class*=elementor-size-]>a{color:inherit;font-size:inherit;line-height:inherit}.elementor-widget-heading .elementor-heading-title.elementor-size-small{font-size:15px}.elementor-widget-heading .elementor-heading-title.elementor-size-medium{font-size:19px}.elementor-widget-heading .elementor-heading-title.elementor-size-large{font-size:29px}.elementor-widget-heading .elementor-heading-title.elementor-size-xl{font-size:39px}.elementor-widget-heading .elementor-heading-title.elementor-size-xxl{font-size:59px}<\/style><div class=\"elementor-heading-title elementor-size-default\"><small>J\u00fcrgen<\/small>\nSchwalk<\/div>\t\t<\/div>\n\t\t\t\t<\/div>\n\t\t\t\t<div class=\"elementor-element elementor-element-695a1186 elementor-widget__width-inherit hero--has-divider animated-fast elementor-widget-divider--view-line elementor-invisible elementor-widget elementor-widget-divider\" data-id=\"695a1186\" data-element_type=\"widget\" data-settings=\"{&quot;_animation&quot;:&quot;fadeInUp&quot;,&quot;_animation_delay&quot;:20}\" data-widget_type=\"divider.default\">\n\t\t\t\t<div class=\"elementor-widget-container\">\n\t\t\t<style>\/*! elementor - v3.6.5 - 27-04-2022 *\/\n.elementor-widget-divider{--divider-border-style:none;--divider-border-width:1px;--divider-color:#2c2c2c;--divider-icon-size:20px;--divider-element-spacing:10px;--divider-pattern-height:24px;--divider-pattern-size:20px;--divider-pattern-url:none;--divider-pattern-repeat:repeat-x}.elementor-widget-divider .elementor-divider{display:-webkit-box;display:-ms-flexbox;display:flex}.elementor-widget-divider .elementor-divider__text{font-size:15px;line-height:1;max-width:95%}.elementor-widget-divider .elementor-divider__element{margin:0 var(--divider-element-spacing);-ms-flex-negative:0;flex-shrink:0}.elementor-widget-divider .elementor-icon{font-size:var(--divider-icon-size)}.elementor-widget-divider .elementor-divider-separator{display:-webkit-box;display:-ms-flexbox;display:flex;margin:0;direction:ltr}.elementor-widget-divider--view-line_icon .elementor-divider-separator,.elementor-widget-divider--view-line_text .elementor-divider-separator{-webkit-box-align:center;-ms-flex-align:center;align-items:center}.elementor-widget-divider--view-line_icon .elementor-divider-separator:after,.elementor-widget-divider--view-line_icon .elementor-divider-separator:before,.elementor-widget-divider--view-line_text .elementor-divider-separator:after,.elementor-widget-divider--view-line_text .elementor-divider-separator:before{display:block;content:\"\";border-bottom:0;-webkit-box-flex:1;-ms-flex-positive:1;flex-grow:1;border-top:var(--divider-border-width) var(--divider-border-style) var(--divider-color)}.elementor-widget-divider--element-align-left .elementor-divider .elementor-divider-separator>.elementor-divider__svg:first-of-type{-webkit-box-flex:0;-ms-flex-positive:0;flex-grow:0;-ms-flex-negative:100;flex-shrink:100}.elementor-widget-divider--element-align-left .elementor-divider-separator:before{content:none}.elementor-widget-divider--element-align-left .elementor-divider__element{margin-left:0}.elementor-widget-divider--element-align-right .elementor-divider .elementor-divider-separator>.elementor-divider__svg:last-of-type{-webkit-box-flex:0;-ms-flex-positive:0;flex-grow:0;-ms-flex-negative:100;flex-shrink:100}.elementor-widget-divider--element-align-right .elementor-divider-separator:after{content:none}.elementor-widget-divider--element-align-right .elementor-divider__element{margin-right:0}.elementor-widget-divider:not(.elementor-widget-divider--view-line_text):not(.elementor-widget-divider--view-line_icon) .elementor-divider-separator{border-top:var(--divider-border-width) var(--divider-border-style) var(--divider-color)}.elementor-widget-divider--separator-type-pattern{--divider-border-style:none}.elementor-widget-divider--separator-type-pattern.elementor-widget-divider--view-line .elementor-divider-separator,.elementor-widget-divider--separator-type-pattern:not(.elementor-widget-divider--view-line) .elementor-divider-separator:after,.elementor-widget-divider--separator-type-pattern:not(.elementor-widget-divider--view-line) .elementor-divider-separator:before,.elementor-widget-divider--separator-type-pattern:not([class*=elementor-widget-divider--view]) .elementor-divider-separator{width:100%;min-height:var(--divider-pattern-height);-webkit-mask-size:var(--divider-pattern-size) 100%;mask-size:var(--divider-pattern-size) 100%;-webkit-mask-repeat:var(--divider-pattern-repeat);mask-repeat:var(--divider-pattern-repeat);background-color:var(--divider-color);-webkit-mask-image:var(--divider-pattern-url);mask-image:var(--divider-pattern-url)}.elementor-widget-divider--no-spacing{--divider-pattern-size:auto}.elementor-widget-divider--bg-round{--divider-pattern-repeat:round}.rtl .elementor-widget-divider .elementor-divider__text{direction:rtl}<\/style>\t\t<div class=\"elementor-divider\">\n\t\t\t<span class=\"elementor-divider-separator\">\n\t\t\t\t\t\t<\/span>\n\t\t<\/div>\n\t\t\t\t<\/div>\n\t\t\t\t<\/div>\n\t\t\t\t<div class=\"elementor-element elementor-element-569a7ec4 animated-slow hero--has-pagename elementor-invisible elementor-widget elementor-widget-text-editor\" data-id=\"569a7ec4\" data-element_type=\"widget\" data-settings=\"{&quot;_animation&quot;:&quot;fadeInUp&quot;,&quot;_animation_delay&quot;:20}\" data-widget_type=\"text-editor.default\">\n\t\t\t\t<div class=\"elementor-widget-container\">\n\t\t\t<style>\/*! elementor - v3.6.5 - 27-04-2022 *\/\n.elementor-widget-text-editor.elementor-drop-cap-view-stacked .elementor-drop-cap{background-color:#818a91;color:#fff}.elementor-widget-text-editor.elementor-drop-cap-view-framed .elementor-drop-cap{color:#818a91;border:3px solid;background-color:transparent}.elementor-widget-text-editor:not(.elementor-drop-cap-view-default) .elementor-drop-cap{margin-top:8px}.elementor-widget-text-editor:not(.elementor-drop-cap-view-default) .elementor-drop-cap-letter{width:1em;height:1em}.elementor-widget-text-editor .elementor-drop-cap{float:left;text-align:center;line-height:1;font-size:50px}.elementor-widget-text-editor .elementor-drop-cap-letter{display:inline-block}<\/style>\t\t\t\t\t\t\t\t\t\t<\/div>\n\t\t\t\t<\/div>\n\t\t\t\t\t<\/div>\n\t\t<\/div>\n\t\t\t\t\t\t\t<\/div>\n\t\t<\/section>\n\t\t\t\t<section class=\"elementor-section elementor-top-section elementor-element elementor-element-40f88c09 custom-section elementor-section-boxed elementor-section-height-default elementor-section-height-default\" data-id=\"40f88c09\" data-element_type=\"section\">\n\t\t\t\t\t\t<div class=\"elementor-container elementor-column-gap-default\">\n\t\t\t\t\t<div class=\"elementor-column elementor-col-100 elementor-top-column elementor-element elementor-element-26d353eb\" data-id=\"26d353eb\" data-element_type=\"column\">\n\t\t\t<div class=\"elementor-widget-wrap elementor-element-populated\">\n\t\t\t\t\t\t\t\t<div class=\"elementor-element elementor-element-4dcf6d78 elementor-widget elementor-widget-heading\" data-id=\"4dcf6d78\" data-element_type=\"widget\" data-widget_type=\"heading.default\">\n\t\t\t\t<div class=\"elementor-widget-container\">\n\t\t\t<h1 class=\"elementor-heading-title elementor-size-default\">Das Duo Alexandre Tansman<\/h1>\t\t<\/div>\n\t\t\t\t<\/div>\n\t\t\t\t<div class=\"elementor-element elementor-element-2689f74e elementor-widget elementor-widget-text-editor\" data-id=\"2689f74e\" data-element_type=\"widget\" data-widget_type=\"text-editor.default\">\n\t\t\t\t<div class=\"elementor-widget-container\">\n\t\t\t\t\t\t\t<p>Seit ihren gemeinsamen Studientagen an der Folkwang Hochschule der K\u00fcnste in Essen arbeiten Thomas D\u00f6ller und der Gitarrist J\u00fcrgen Schwalk zusammen. Schon in ihren ersten Konzertprogrammen setzen sie Schwerpunkte auf Musik des fr\u00fchen 20. Jahrhunderts. Besonders ihre Auseinandersetzung mit Klaviermusik des polnisch-franz\u00f6sischen Komponisten Alexandre Tansman wurde f\u00fcr J\u00fcrgen Schwalk und Thomas D\u00f6ller zu einer wichtigen Quelle zur Erweiterung ihrer Ausdrucksm\u00f6glichkeiten im Bereich der Kammermusik. Denn Tansman war es, der in seine Musik ab etwa 1925 au\u00dfereurop\u00e4ische Musiktraditionen einflie\u00dfen lie\u00df. So stellt das Duo in seinen Adaptionen f\u00fcr Fl\u00f6te und Gitarre eine imponierende Parallelit\u00e4t der fr\u00fchen \u201eWeltmusik\u201c Alexandre Tansmans zu heutigen Ideen einer Ost-West-Begegnung in der Musik her.<\/p>\n<p>Mireille und Marianne Tansman, die T\u00f6chter&nbsp; Alexandre Tansmans, verfolgen seit Jahren die Wiederentdeckung einiger Werke ihres Vaters durch das Duo und schreiben im Dezember 2004: \u201eIhre Bearbeitung der Tour du monde en miniature hat noch mehr Atmosph\u00e4re als das Original!\u201c<\/p>\n<p>Das Duo Alexandre Tansman pr\u00e4sentiert seit 1994 Bearbeitungen von Klaviermusik aus den Jahren 1930-1942, aus jener Epoche, in der Tansman seine polnischen und hebr\u00e4ischen Musiktraditionen besonders eindr\u00fccklich verarbeitet, oder, wie am Beispiel der \u201eMusikalischen Weltreise\u201c, die kompositorische Auseinandersetzung mit au\u00dfereurop\u00e4ischer Musik gesucht hat.<\/p>\n<p>Neben den Werken Tansmans ist auf inzwischen 5 CDs Musik von Bach, Ravel, Piazzolla, Castelnuovo-Tedesco, Alb\u00e9niz, Pujol, Gamboa, Towner, Duarte, Schlosberg und Schwalk zu h\u00f6ren.<\/p>\n<p>Internationale Anerkennung findet das Duo Alexandre Tansman durch Einladungen zu verschiedenen Kammermusikfestivals (Spring Festival der Middle East Technical University in Ankara\/ T\u00fcrkei, Luglio Pistoiese Pistoia \/ Italien und&nbsp; Festival International di Guitarra in Morelia\/ Mexiko.<\/p>\n<p>Weitere Informationen finden Sie hier: <a href=\"http:\/\/www.thomasdoeller.de\" target=\"_blank\" rel=\"noopener\">www.thomasdoeller.de<\/a><\/p>\t\t\t\t\t\t<\/div>\n\t\t\t\t<\/div>\n\t\t\t\t\t<\/div>\n\t\t<\/div>\n\t\t\t\t\t\t\t<\/div>\n\t\t<\/section>\n\t\t\t\t\t\t\t<\/div>\n\t\t","protected":false},"excerpt":{"rendered":"<p>J\u00fcrgen Schwalk Das Duo Alexandre Tansman Seit ihren gemeinsamen Studientagen an der Folkwang Hochschule der K\u00fcnste in Essen arbeiten Thomas D\u00f6ller und der Gitarrist J\u00fcrgen Schwalk zusammen. Schon in ihren ersten Konzertprogrammen setzen sie Schwerpunkte auf Musik des fr\u00fchen 20. Jahrhunderts. Besonders ihre Auseinandersetzung mit Klaviermusik des polnisch-franz\u00f6sischen Komponisten Alexandre Tansman wurde f\u00fcr J\u00fcrgen Schwalk [&hellip;]<\/p>\n","protected":false},"author":1,"featured_media":695,"parent":0,"menu_order":0,"comment_status":"closed","ping_status":"closed","template":"elementor_header_footer","meta":{"footnotes":""},"class_list":["post-297","page","type-page","status-publish","has-post-thumbnail","hentry"],"_links":{"self":[{"href":"https:\/\/juergenschwalk.com\/de\/wp-json\/wp\/v2\/pages\/297","targetHints":{"allow":["GET"]}}],"collection":[{"href":"https:\/\/juergenschwalk.com\/de\/wp-json\/wp\/v2\/pages"}],"about":[{"href":"https:\/\/juergenschwalk.com\/de\/wp-json\/wp\/v2\/types\/page"}],"author":[{"embeddable":true,"href":"https:\/\/juergenschwalk.com\/de\/wp-json\/wp\/v2\/users\/1"}],"replies":[{"embeddable":true,"href":"https:\/\/juergenschwalk.com\/de\/wp-json\/wp\/v2\/comments?post=297"}],"version-history":[{"count":10,"href":"https:\/\/juergenschwalk.com\/de\/wp-json\/wp\/v2\/pages\/297\/revisions"}],"predecessor-version":[{"id":1529,"href":"https:\/\/juergenschwalk.com\/de\/wp-json\/wp\/v2\/pages\/297\/revisions\/1529"}],"wp:featuredmedia":[{"embeddable":true,"href":"https:\/\/juergenschwalk.com\/de\/wp-json\/wp\/v2\/media\/695"}],"wp:attachment":[{"href":"https:\/\/juergenschwalk.com\/de\/wp-json\/wp\/v2\/media?parent=297"}],"curies":[{"name":"wp","href":"https:\/\/api.w.org\/{rel}","templated":true}]}}