{"id":615,"date":"2020-03-30T09:07:59","date_gmt":"2020-03-30T09:07:59","guid":{"rendered":"https:\/\/juergenschwalk.com\/privacy-policy\/"},"modified":"2020-03-30T09:54:48","modified_gmt":"2020-03-30T09:54:48","slug":"datenschutzerklaerung","status":"publish","type":"page","link":"https:\/\/juergenschwalk.com\/de\/datenschutzerklaerung\/","title":{"rendered":"Datenschutzerkl\u00e4rung"},"content":{"rendered":"\t\t<div data-elementor-type=\"wp-page\" data-elementor-id=\"615\" class=\"elementor elementor-615\">\n\t\t\t\t\t\t\t\t\t<section class=\"elementor-section elementor-top-section elementor-element elementor-element-7f3cc616 custom-section elementor-section-boxed elementor-section-height-default elementor-section-height-default\" data-id=\"7f3cc616\" data-element_type=\"section\">\n\t\t\t\t\t\t<div class=\"elementor-container elementor-column-gap-default\">\n\t\t\t\t\t<div class=\"elementor-column elementor-col-100 elementor-top-column elementor-element elementor-element-43cc420a\" data-id=\"43cc420a\" data-element_type=\"column\">\n\t\t\t<div class=\"elementor-widget-wrap elementor-element-populated\">\n\t\t\t\t\t\t\t\t<div class=\"elementor-element elementor-element-3c0e14a4 elementor-widget elementor-widget-heading\" data-id=\"3c0e14a4\" data-element_type=\"widget\" data-widget_type=\"heading.default\">\n\t\t\t\t<div class=\"elementor-widget-container\">\n\t\t\t<style>\/*! elementor - v3.6.5 - 27-04-2022 *\/\n.elementor-heading-title{padding:0;margin:0;line-height:1}.elementor-widget-heading .elementor-heading-title[class*=elementor-size-]>a{color:inherit;font-size:inherit;line-height:inherit}.elementor-widget-heading .elementor-heading-title.elementor-size-small{font-size:15px}.elementor-widget-heading .elementor-heading-title.elementor-size-medium{font-size:19px}.elementor-widget-heading .elementor-heading-title.elementor-size-large{font-size:29px}.elementor-widget-heading .elementor-heading-title.elementor-size-xl{font-size:39px}.elementor-widget-heading .elementor-heading-title.elementor-size-xxl{font-size:59px}<\/style><h1 class=\"elementor-heading-title elementor-size-default\">Datenschutz\u00aderkl\u00e4rung<\/h1>\t\t<\/div>\n\t\t\t\t<\/div>\n\t\t\t\t<div class=\"elementor-element elementor-element-6aaf5ea3 elementor-widget elementor-widget-heading\" data-id=\"6aaf5ea3\" data-element_type=\"widget\" data-widget_type=\"heading.default\">\n\t\t\t\t<div class=\"elementor-widget-container\">\n\t\t\t<h3 class=\"elementor-heading-title elementor-size-default\">Ihre Cookie-Einstellung\n<\/h3>\t\t<\/div>\n\t\t\t\t<\/div>\n\t\t\t\t<div class=\"elementor-element elementor-element-102171f2 elementor-widget elementor-widget-shortcode\" data-id=\"102171f2\" data-element_type=\"widget\" data-widget_type=\"shortcode.default\">\n\t\t\t\t<div class=\"elementor-widget-container\">\n\t\t\t\t\t<div class=\"elementor-shortcode\"><a href=\"#\" class=\"_brlbs-btn-cookie-preference borlabs-cookie-preference\">Cookie-Einstellung \u00e4ndern<\/a><\/div>\n\t\t\t\t<\/div>\n\t\t\t\t<\/div>\n\t\t\t\t<div class=\"elementor-element elementor-element-4840f0f5 elementor-widget elementor-widget-heading\" data-id=\"4840f0f5\" data-element_type=\"widget\" data-widget_type=\"heading.default\">\n\t\t\t\t<div class=\"elementor-widget-container\">\n\t\t\t<h3 class=\"elementor-heading-title elementor-size-default\">OPT-OUT GOOGLE ANALYTICS<\/h3>\t\t<\/div>\n\t\t\t\t<\/div>\n\t\t\t\t<div class=\"elementor-element elementor-element-5ca67d55 elementor-widget elementor-widget-shortcode\" data-id=\"5ca67d55\" data-element_type=\"widget\" data-widget_type=\"shortcode.default\">\n\t\t\t\t<div class=\"elementor-widget-container\">\n\t\t\t\t\t<div class=\"elementor-shortcode\"><div class=\"BorlabsCookie _brlbs-switch-consent\"><label class=\"_brlbs-btn-switch _brlbs-btn-switch--textRight\"><input type=\"checkbox\" id=\"borlabs-cookie-google-analytics\" data-cookie-group=\"statistics\" name=\"borlabsCookie[statistics][]\" value=\"google-analytics\" data-borlabs-cookie-switch \/><span class=\"_brlbs-slider\"><\/span><span class=\"_brlbs-btn-switch-status\" data-active=\"An\" data-inactive=\"Aus\" aria-hidden=\"true\"><\/span><\/label><label class=\"_brlbs-title\" for=\"borlabs-cookie-google-analytics\">Google Analytics<\/label><\/div>\n<\/div>\n\t\t\t\t<\/div>\n\t\t\t\t<\/div>\n\t\t\t\t\t<\/div>\n\t\t<\/div>\n\t\t\t\t\t\t\t<\/div>\n\t\t<\/section>\n\t\t\t\t<section class=\"elementor-section elementor-top-section elementor-element elementor-element-6b14e74d custom-section elementor-section-boxed elementor-section-height-default elementor-section-height-default\" data-id=\"6b14e74d\" data-element_type=\"section\">\n\t\t\t\t\t\t<div class=\"elementor-container elementor-column-gap-default\">\n\t\t\t\t\t<div class=\"elementor-column elementor-col-100 elementor-top-column elementor-element elementor-element-394bba36\" data-id=\"394bba36\" data-element_type=\"column\">\n\t\t\t<div class=\"elementor-widget-wrap elementor-element-populated\">\n\t\t\t\t\t\t\t\t<div class=\"elementor-element elementor-element-373e98f5 elementor-widget elementor-widget-text-editor\" data-id=\"373e98f5\" data-element_type=\"widget\" data-widget_type=\"text-editor.default\">\n\t\t\t\t<div class=\"elementor-widget-container\">\n\t\t\t<style>\/*! elementor - v3.6.5 - 27-04-2022 *\/\n.elementor-widget-text-editor.elementor-drop-cap-view-stacked .elementor-drop-cap{background-color:#818a91;color:#fff}.elementor-widget-text-editor.elementor-drop-cap-view-framed .elementor-drop-cap{color:#818a91;border:3px solid;background-color:transparent}.elementor-widget-text-editor:not(.elementor-drop-cap-view-default) .elementor-drop-cap{margin-top:8px}.elementor-widget-text-editor:not(.elementor-drop-cap-view-default) .elementor-drop-cap-letter{width:1em;height:1em}.elementor-widget-text-editor .elementor-drop-cap{float:left;text-align:center;line-height:1;font-size:50px}.elementor-widget-text-editor .elementor-drop-cap-letter{display:inline-block}<\/style>\t\t\t\t<h2>Allgemeiner Hinweis und Pflichtinformationen<\/h2>\n<h3>Benennung der verantwortlichen Stelle<\/h3>\nDie verantwortliche Stelle f\u00fcr die Datenverarbeitung auf dieser Website ist:\n<ul>\n \t<li>J\u00fcrgen Schwalk<\/li>\n \t<li>Vorster Sra\u00dfe 72<\/li>\n \t<li>47906 Kempen<\/li>\n<\/ul>\n<h2><span style=\"color: inherit; font-family: inherit; font-size: 1.75rem;\">Widerruf Ihrer Einwilligung zur Datenverarbeitung<\/span><\/h2>\nNur mit Ihrer ausdr\u00fccklichen Einwilligung sind einige Vorg\u00e4nge der Datenverarbeitung m\u00f6glich. Ein Widerruf Ihrer bereits erteilten Einwilligung ist jederzeit m\u00f6glich. F\u00fcr den Widerruf gen\u00fcgt eine formlose Mitteilung per E-Mail. Die Rechtm\u00e4\u00dfigkeit der bis zum Widerruf erfolgten Datenverarbeitung bleibt vom Widerruf unber\u00fchrt.\n<h3>Recht auf Beschwerde bei der zust\u00e4ndigen Aufsichtsbeh\u00f6rde<\/h3>\nAls Betroffener steht Ihnen im Falle eines datenschutzrechtlichen Versto\u00dfes ein Beschwerderecht bei der zust\u00e4ndigen Aufsichtsbeh\u00f6rde zu. Zust\u00e4ndige Aufsichtsbeh\u00f6rde bez\u00fcglich datenschutzrechtlicher Fragen ist der Landesdatenschutzbeauftragte des Bundeslandes, in dem sich der Sitz unseres Unternehmens befindet. Der folgende Link stellt eine Liste der Datenschutzbeauftragten sowie deren Kontaktdaten bereit: <a href=\"https:\/\/www.bfdi.bund.de\/DE\/Infothek\/Anschriften_Links\/anschriften_links-node.html\" target=\"_blank\" rel=\"noopener\">https:\/\/www.bfdi.bund.de\/DE\/Infothek\/Anschriften_Links\/anschriften_links-node.html<\/a>.\n<h3>Recht auf Daten\u00fcbertragbarkeit<\/h3>\nIhnen steht das Recht zu, Daten, die wir auf Grundlage Ihrer Einwilligung oder in Erf\u00fcllung eines Vertrags automatisiert verarbeiten, an sich oder an Dritte aush\u00e4ndigen zu lassen. Die Bereitstellung erfolgt in einem maschinenlesbaren Format. Sofern Sie die direkte \u00dcbertragung der Daten an einen anderen Verantwortlichen verlangen, erfolgt dies nur, soweit es technisch machbar ist.\n<h3>Recht auf Auskunft, Berichtigung, Sperrung, L\u00f6schung<\/h3>\nSie haben jederzeit im Rahmen der geltenden gesetzlichen Bestimmungen das Recht auf unentgeltliche Auskunft \u00fcber Ihre gespeicherten personenbezogenen Daten, Herkunft der Daten, deren Empf\u00e4nger und den Zweck der Datenverarbeitung und ggf. ein Recht auf Berichtigung, Sperrung oder L\u00f6schung dieser Daten. Diesbez\u00fcglich und auch zu weiteren Fragen zum Thema personenbezogene Daten k\u00f6nnen Sie sich jederzeit \u00fcber die im Impressum aufgef\u00fchrten Kontaktm\u00f6glichkeiten an uns wenden.\n<h3>SSL- bzw. TLS-Verschl\u00fcsselung<\/h3>\nAus Sicherheitsgr\u00fcnden und zum Schutz der \u00dcbertragung vertraulicher Inhalte, die Sie an uns als Seitenbetreiber senden, nutzt unsere Website eine SSL-bzw. TLS-Verschl\u00fcsselung. Damit sind Daten, die Sie \u00fcber diese Website \u00fcbermitteln, f\u00fcr Dritte nicht mitlesbar. Sie erkennen eine verschl\u00fcsselte Verbindung an der \u201ehttps:\/\/\u201c Adresszeile Ihres Browsers und am Schloss-Symbol in der Browserzeile.\n<h3>Server-Log-Dateien<\/h3>\nIn Server-Log-Dateien erhebt und speichert der Provider der Website automatisch Informationen, die Ihr Browser automatisch an uns \u00fcbermittelt. Dies sind:\n<ul>\n \t<li>Besuchte Seite auf unserer Domain<\/li>\n \t<li>Datum und Uhrzeit der Serveranfrage<\/li>\n \t<li>Browsertyp und Browserversion<\/li>\n \t<li>Verwendetes Betriebssystem<\/li>\n \t<li>Referrer URL<\/li>\n \t<li>Hostname des zugreifenden Rechners<\/li>\n \t<li>IP-Adresse<\/li>\n<\/ul>\nEs findet keine Zusammenf\u00fchrung dieser Daten mit anderen Datenquellen statt. Grundlage der Datenverarbeitung bildet Art. 6 Abs. 1 lit. b DSGVO, der die Verarbeitung von Daten zur Erf\u00fcllung eines Vertrags oder vorvertraglicher Ma\u00dfnahmen gestattet.\n<h3>Kontaktformular<\/h3>\nPer Kontaktformular \u00fcbermittelte Daten werden einschlie\u00dflich Ihrer Kontaktdaten gespeichert, um Ihre Anfrage bearbeiten zu k\u00f6nnen oder um f\u00fcr Anschlussfragen bereitzustehen. Eine Weitergabe dieser Daten findet ohne Ihre Einwilligung nicht statt.\n\nDie Verarbeitung der in das Kontaktformular eingegebenen Daten erfolgt ausschlie\u00dflich auf Grundlage Ihrer Einwilligung (Art. 6 Abs. 1 lit. a DSGVO). Ein Widerruf Ihrer bereits erteilten Einwilligung ist jederzeit m\u00f6glich. F\u00fcr den Widerruf gen\u00fcgt eine formlose Mitteilung per E-Mail. Die Rechtm\u00e4\u00dfigkeit der bis zum Widerruf erfolgten Datenverarbeitungsvorg\u00e4nge bleibt vom Widerruf unber\u00fchrt.\n\n\u00dcber das Kontaktformular \u00fcbermittelte Daten verbleiben bei uns, bis Sie uns zur L\u00f6schung auffordern, Ihre Einwilligung zur Speicherung widerrufen oder keine Notwendigkeit der Datenspeicherung mehr besteht. Zwingende gesetzliche Bestimmungen &#8211; insbesondere Aufbewahrungsfristen &#8211; bleiben unber\u00fchrt.\n<h3>YouTube<\/h3>\nF\u00fcr Integration und Darstellung von Videoinhalten nutzt unsere Website Plugins von YouTube. Anbieter des Videoportals ist die YouTube, LLC, 901 Cherry Ave., San Bruno, CA 94066, USA.\n\nBei Aufruf einer Seite mit integriertem YouTube-Plugin wird eine Verbindung zu den Servern von YouTube hergestellt. YouTube erf\u00e4hrt hierdurch, welche unserer Seiten Sie aufgerufen haben.\n\nYouTube kann Ihr Surfverhalten direkt Ihrem pers\u00f6nlichen Profil zuzuordnen, sollten Sie in Ihrem YouTube Konto eingeloggt sein. Durch vorheriges Ausloggen haben Sie die M\u00f6glichkeit, dies zu unterbinden.\n\nDie Nutzung von YouTube erfolgt im Interesse einer ansprechenden Darstellung unserer Online-Angebote. Dies stellt ein berechtigtes Interesse im Sinne von Art. 6 Abs. 1 lit. f DSGVO dar.\n\nEinzelheiten zum Umgang mit Nutzerdaten finden Sie in der Datenschutzerkl\u00e4rung von YouTube unter: <a href=\"https:\/\/www.google.de\/intl\/de\/policies\/privacy\">https:\/\/www.google.de\/intl\/de\/policies\/privacy<\/a>.\n<h3>Vimeo<\/h3>\nF\u00fcr Integration und Darstellung von Videoinhalten nutzt unsere Website Plugins von Vimeo. Anbieter des Videoportals ist die Vimeo Inc., 555 West 18th Street, New York, New York 10011, USA.\n\nBei Aufruf einer Seite mit integriertem Vimeo-Plugin wird eine Verbindung zu den Servern von Vimeo hergestellt. Vimeo erf\u00e4hrt hierdurch, welche unserer Seiten Sie aufgerufen haben. Vimeo erf\u00e4hrt Ihre IP-Adresse, selbst wenn Sie nicht beim Videoportal\neingeloggt sind oder dort kein Konto besitzen. Es erfolgt eine \u00dcbermittlung der von Vimeo erfassten Informationen an Server des Videoportals in den USA.\n\nVimeo kann Ihr Surfverhalten direkt Ihrem pers\u00f6nlichen Profil zuordnen. Durch vorheriges Ausloggen haben Sie die M\u00f6glichkeit, dies zu unterbinden.\n\nEinzelheiten zum Umgang mit Nutzerdaten finden Sie in der Datenschutzerkl\u00e4rung von Vimeo unter: <a href=\"https:\/\/vimeo.com\/privacy\">https:\/\/vimeo.com\/privacy<\/a>.\n<h3>Cookies<\/h3>\nUnsere Website verwendet Cookies. Das sind kleine Textdateien, die Ihr Webbrowser auf Ihrem Endger\u00e4t speichert. Cookies helfen uns dabei, unser Angebot nutzerfreundlicher, effektiver und sicherer zu machen.\n\nEinige Cookies sind \u201cSession-Cookies.\u201d Solche Cookies werden nach Ende Ihrer Browser-Sitzung von selbst gel\u00f6scht. Hingegen bleiben andere Cookies auf Ihrem Endger\u00e4t bestehen, bis Sie diese selbst l\u00f6schen. Solche Cookies helfen uns, Sie bei R\u00fcckkehr auf\nunserer Website wiederzuerkennen.\n\nMit einem modernen Webbrowser k\u00f6nnen Sie das Setzen von Cookies \u00fcberwachen, einschr\u00e4nken oder unterbinden. Viele Webbrowser lassen sich so konfigurieren, dass Cookies mit dem Schlie\u00dfen des Programms von selbst gel\u00f6scht werden. Die Deaktivierung von Cookies\nkann eine eingeschr\u00e4nkte Funktionalit\u00e4t unserer Website zur Folge haben.\n\nDas Setzen von Cookies, die zur Aus\u00fcbung elektronischer Kommunikationsvorg\u00e4nge oder der Bereitstellung bestimmter, von Ihnen erw\u00fcnschter Funktionen (z.B. Warenkorb) notwendig sind, erfolgt auf Grundlage von Art. 6 Abs. 1 lit. f DSGVO. Als Betreiber dieser\nWebsite haben wir ein berechtigtes Interesse an der Speicherung von Cookies zur technisch fehlerfreien und reibungslosen Bereitstellung unserer Dienste. Sofern die Setzung anderer Cookies (z.B. f\u00fcr Analyse-Funktionen) erfolgt, werden diese in dieser\nDatenschutzerkl\u00e4rung separat behandelt.\n<h3>Google Analytics<\/h3>\nUnsere Website verwendet Funktionen des Webanalysedienstes Google Analytics. Anbieter des Webanalysedienstes ist die Google Inc., 1600 Amphitheatre Parkway, Mountain View, CA 94043, USA.\n\nGoogle Analytics verwendet &#8222;Cookies.&#8220; Das sind kleine Textdateien, die Ihr Webbrowser auf Ihrem Endger\u00e4t speichert und eine Analyse der Website-Benutzung erm\u00f6glichen. Mittels Cookie erzeugte Informationen \u00fcber Ihre Benutzung unserer Website\nwerden an einen Server von Google \u00fcbermittelt und dort gespeichert. Server-Standort ist im Regelfall die USA.\n\nDas Setzen von Google-Analytics-Cookies erfolgt auf Grundlage von Art. 6 Abs. 1 lit. f DSGVO. Als Betreiber dieser Website haben wir \u00a0ein berechtigtes Interesse an der Analyse des Nutzerverhaltens, um unser Webangebot und ggf. auch Werbung zu optimieren.\n\n<strong>IP-Anonymisierung<\/strong>\n\nWir setzen Google Analytics in Verbindung mit der Funktion IP-Anonymisierung ein. Sie gew\u00e4hrleistet, dass Google Ihre IP-Adresse innerhalb von Mitgliedstaaten der Europ\u00e4ischen Union oder in anderen Vertragsstaaten des Abkommens \u00fcber den Europ\u00e4ischen Wirtschaftsraum\nvor der \u00dcbermittlung in die USA k\u00fcrzt. Es kann Ausnahmef\u00e4lle geben, in denen Google die volle IP-Adresse an einen Server in den USA \u00fcbertr\u00e4gt und dort k\u00fcrzt. In unserem Auftrag wird Google diese Informationen benutzen, um Ihre Nutzung der Website\nauszuwerten, um Reports \u00fcber Websiteaktivit\u00e4ten zu erstellen und um weitere mit der Websitenutzung und der Internetnutzung verbundene Dienstleistungen gegen\u00fcber uns zu erbringen. Es findet keine Zusammenf\u00fchrung der von Google Analytics \u00fcbermittelten\nIP-Adresse mit anderen Daten von Google statt.\n\n<strong>Browser Plugin<\/strong>\n\nDas Setzen von Cookies durch Ihren Webbrowser ist verhinderbar. Einige Funktionen unserer Website k\u00f6nnten dadurch jedoch eingeschr\u00e4nkt werden. Ebenso k\u00f6nnen Sie die Erfassung von Daten bez\u00fcglich Ihrer Website-Nutzung einschlie\u00dflich Ihrer IP-Adresse mitsamt\nanschlie\u00dfender Verarbeitung durch Google unterbinden. Dies ist m\u00f6glich, indem Sie das \u00fcber folgenden Link erreichbare Browser-Plugin herunterladen und installieren: <a href=\"https:\/\/tools.google.com\/dlpage\/gaoptout?hl=de\">https:\/\/tools.google.com\/dlpage\/gaoptout?hl=de<\/a>.\n\n<strong>Widerspruch gegen die Datenerfassung<\/strong>\n\nSie k\u00f6nnen die Erfassung Ihrer Daten durch Google Analytics verhindern, indem Sie auf folgenden Link klicken. Es wird ein Opt-Out-Cookie gesetzt, der die Erfassung Ihrer Daten bei zuk\u00fcnftigen Besuchen dieser Website verhindert:\n\nEinzelheiten zum Umgang mit Nutzerdaten bei Google Analytics finden Sie in der Datenschutzerkl\u00e4rung von Google: <a href=\"https:\/\/support.google.com\/analytics\/answer\/6004245?hl=de\">https:\/\/support.google.com\/analytics\/answer\/6004245?hl=de<\/a>.\n\n<strong>Auftragsverarbeitung<\/strong>\n\nZur vollst\u00e4ndigen Erf\u00fcllung der gesetzlichen Datenschutzvorgaben haben wir mit Google einen Vertrag \u00fcber die Auftragsverarbeitung abgeschlossen.\n\n<strong>Demografische Merkmale bei Google Analytics<\/strong>\n\nUnsere Website verwendet die Funktion \u201cdemografische Merkmale\u201d von Google Analytics. Mit ihr lassen sich Berichte erstellen, die Aussagen zu Alter, Geschlecht und Interessen der Seitenbesucher enthalten. Diese Daten stammen aus interessenbezogener Werbung\nvon Google sowie aus Besucherdaten von Drittanbietern. Eine Zuordnung der Daten zu einer bestimmten Person ist nicht m\u00f6glich. Sie k\u00f6nnen diese Funktion jederzeit deaktivieren. Dies ist \u00fcber die Anzeigeneinstellungen in Ihrem Google-Konto m\u00f6glich oder\nindem Sie die Erfassung Ihrer Daten durch Google Analytics, wie im Punkt \u201cWiderspruch gegen die Datenerfassung\u201d erl\u00e4utert, generell untersagen.\n<h3>XING Plugin<\/h3>\nUnsere Website verwendet Funktionen des Netzwerks XING. Anbieter ist die XING AG, Dammtorstra\u00dfe 29-32, 20354 Hamburg, Deutschland.\n\nBei Aufruf einer Seite mit integrierten Xing-Funktionen wird eine Verbindung zu den Servern von Xing hergestellt. Eine Speicherung personenbezogener Daten erfolgt dabei nach unserem Kenntnisstand nicht. IP-Adressen werden nicht gespeichert, ebenso erfolgt\nkeine Auswertung des Nutzungsverhaltens.\n\nEinzelheiten zum Datenschutz und dem XING Share-Button finden Sie in der Datenschutzerkl\u00e4rung von XING unter: <a href=\"https:\/\/www.xing.com\/app\/share?op=data_protection\">https:\/\/www.xing.com\/app\/share?op=data_protection<\/a>.\n<h3>Twitter Plugin<\/h3>\nUnsere Website vewendet Funktionen des Dienstes Twitter. Anbieter ist die Twitter Inc., 1355 Market Street, Suite 900, San Francisco, CA 94103, USA.\n\nBei Nutzung von Twitter und der Funktion &#8222;Re-Tweet&#8220; werden von Ihnen besuchte Websites mit Ihrem Twitter-Account verkn\u00fcpft und in Ihrem Twitter-Feed ver\u00f6ffentlicht. Dabei erfolgt eine \u00dcbermittlung von Daten an Twitter. \u00dcber den Inhalt der \u00fcbermittelten\nDaten sowie die Nutzung dieser Daten durch Twitter haben wir keine Kenntnis. Einzelheiten finden Sie in der Datenschutzerkl\u00e4rung von Twitter: <a href=\"https:\/\/twitter.com\/privacy\">https:\/\/twitter.com\/privacy<\/a>.\n\nSie k\u00f6nnen Ihre Datenschutzeinstellungen bei Twitter \u00e4ndern: <a href=\"https:\/\/twitter.com\/account\/settings\">https:\/\/twitter.com\/account\/settings<\/a>\n<h3>Pinterest Plugin<\/h3>\nUnserer Website verwendet Funktionen des sozialen Netzwerkes Pinterest. Anbieter ist die Pinterest Inc., 808 Brannan Street, San Francisco, CA 94103-490, USA.\n\nBei Aufruf einer Seite mit Funktionen von Pinterest, stellt Ihr Browser eine direkte Verbindung zu den Pinterest-Servern her. Es werden Protokolldaten an die Server von Pinterest \u00fcbermittelt. Standort der Server sind die USA. Die Protokolldaten k\u00f6nnen\nm\u00f6glicherweise R\u00fcckschl\u00fcsse auf Ihre IP-Adresse, besuchte Websites, Art und Einstellungen des Browsers, Datum und Zeitpunkt der Anfrage, Ihre Verwendungsweise von Pinterest sowie Cookies zulassen.\n\nEinzelheiten hierzu finden Sie in den Datenschutzhinweisen von Pinterest: <a href=\"https:\/\/about.pinterest.com\/de\/privacy-policy\">https:\/\/about.pinterest.com\/de\/privacy-policy<\/a>.\n<h3>Google Web Fonts<\/h3>\nUnsere Website verwendet Web Fonts von Google. Anbieter ist die Google Inc., 1600 Amphitheatre Parkway, Mountain View, CA 94043, USA.\n\nDurch den Einsatz dieser Web Fonts wird es m\u00f6glich Ihnen die von uns gew\u00fcnschte Darstellung unserer Website zu pr\u00e4sentieren, unabh\u00e4ngig davon welche Schriften Ihnen lokal zur Verf\u00fcgung stehen. Dies erfolgt \u00fcber den Abruf der Google Web Fonts von einem Server von Google in den USA und der damit verbundenen Weitergabe Ihre Daten an Google. Dabei handelt es sich um Ihre IP-Adresse und welche Seite Sie bei uns besucht haben. Der Einsatz von Google Web Fonts erfolgt auf Grundlage von Art. 6 Abs. 1 lit. f DSGVO. Als Betreiber dieser Website haben wir ein berechtigtes Interesse an der optimalen Darstellung und \u00dcbertragung unseres Webauftritts.\n\nDas Unternehmen Google ist f\u00fcr das us-europ\u00e4ische Datenschutz\u00fcbereinkommen &#8222;Privacy Shield&#8220; zertifiziert. Dieses Datenschutz\u00fcbereinkommen soll die Einhaltung des in der EU geltenden Datenschutzniveaus gew\u00e4hrleisten.\n\nEinzelheiten \u00fcber Google Web Fonts finden Sie unter: <a href=\"https:\/\/www.google.com\/fonts#AboutPlace:about\">https:\/\/www.google.com\/fonts#AboutPlace:about<\/a> und weitere Informationen in den Datenschutzbestimmungen von Google: <a href=\"https:\/\/policies.google.com\/privacy\/partners?hl=de\">https:\/\/policies.google.com\/privacy\/partners?hl=de<\/a>Vor\t\t\t\t\t\t<\/div>\n\t\t\t\t<\/div>\n\t\t\t\t\t<\/div>\n\t\t<\/div>\n\t\t\t\t\t\t\t<\/div>\n\t\t<\/section>\n\t\t\t\t\t\t\t<\/div>\n\t\t","protected":false},"excerpt":{"rendered":"<p>Datenschutz\u00aderkl\u00e4rung Ihre Cookie-Einstellung OPT-OUT GOOGLE ANALYTICS Allgemeiner Hinweis und Pflichtinformationen Benennung der verantwortlichen Stelle Die verantwortliche Stelle f\u00fcr die Datenverarbeitung auf dieser Website ist: J\u00fcrgen Schwalk Vorster Sra\u00dfe 72 47906 Kempen Widerruf Ihrer Einwilligung zur Datenverarbeitung Nur mit Ihrer ausdr\u00fccklichen Einwilligung sind einige Vorg\u00e4nge der Datenverarbeitung m\u00f6glich. Ein Widerruf Ihrer bereits erteilten Einwilligung ist jederzeit [&hellip;]<\/p>\n","protected":false},"author":1,"featured_media":0,"parent":0,"menu_order":0,"comment_status":"closed","ping_status":"closed","template":"elementor_header_footer","meta":{"footnotes":""},"class_list":["post-615","page","type-page","status-publish","hentry"],"_links":{"self":[{"href":"https:\/\/juergenschwalk.com\/de\/wp-json\/wp\/v2\/pages\/615","targetHints":{"allow":["GET"]}}],"collection":[{"href":"https:\/\/juergenschwalk.com\/de\/wp-json\/wp\/v2\/pages"}],"about":[{"href":"https:\/\/juergenschwalk.com\/de\/wp-json\/wp\/v2\/types\/page"}],"author":[{"embeddable":true,"href":"https:\/\/juergenschwalk.com\/de\/wp-json\/wp\/v2\/users\/1"}],"replies":[{"embeddable":true,"href":"https:\/\/juergenschwalk.com\/de\/wp-json\/wp\/v2\/comments?post=615"}],"version-history":[{"count":2,"href":"https:\/\/juergenschwalk.com\/de\/wp-json\/wp\/v2\/pages\/615\/revisions"}],"predecessor-version":[{"id":649,"href":"https:\/\/juergenschwalk.com\/de\/wp-json\/wp\/v2\/pages\/615\/revisions\/649"}],"wp:attachment":[{"href":"https:\/\/juergenschwalk.com\/de\/wp-json\/wp\/v2\/media?parent=615"}],"curies":[{"name":"wp","href":"https:\/\/api.w.org\/{rel}","templated":true}]}}